{"id":528,"date":"2023-04-05T16:46:34","date_gmt":"2023-04-05T14:46:34","guid":{"rendered":"https:\/\/www.sbaa.swiss\/contact\/"},"modified":"2023-04-05T16:55:58","modified_gmt":"2023-04-05T14:55:58","slug":"contact","status":"publish","type":"page","link":"https:\/\/www.sbaa.swiss\/fr\/contact\/","title":{"rendered":"Contact"},"content":{"rendered":"<p>[et_pb_section fb_built=\u00a0\u00bb1&Prime; custom_padding_last_edited=\u00a0\u00bbon|tablet\u00a0\u00bb admin_label=\u00a0\u00bbContact Form\u00a0\u00bb _builder_version=\u00a0\u00bb4.16&Prime; background_color=\u00a0\u00bb#00709d\u00a0\u00bb custom_padding=\u00a0\u00bb110px||30px|||\u00a0\u00bb custom_padding_tablet=\u00a0\u00bb60px|||\u00a0\u00bb custom_padding_phone=\u00a0\u00bb\u00a0\u00bb global_colors_info=\u00a0\u00bb{}\u00a0\u00bb][et_pb_row column_structure=\u00a0\u00bb1_2,1_2&Prime; _builder_version=\u00a0\u00bb4.16&Prime; background_size=\u00a0\u00bbinitial\u00a0\u00bb background_position=\u00a0\u00bbtop_left\u00a0\u00bb background_repeat=\u00a0\u00bbrepeat\u00a0\u00bb global_colors_info=\u00a0\u00bb{}\u00a0\u00bb][et_pb_column type=\u00a0\u00bb1_2&Prime; _builder_version=\u00a0\u00bb4.16&Prime; custom_padding=\u00a0\u00bb|||\u00a0\u00bb global_colors_info=\u00a0\u00bb{}\u00a0\u00bb custom_padding__hover=\u00a0\u00bb|||\u00a0\u00bb][et_pb_contact_form email=\u00a0\u00bbinfo@sbaa.swiss\u00a0\u00bb custom_message=\u00a0\u00bbFrom: %%name%% <%%email%%> via contact form <info@sbaa.swiss>||et_pb_line_break_holder||Subjet: %%subject%%||et_pb_line_break_holder||||et_pb_line_break_holder||Message:||et_pb_line_break_holder||%%message%%||et_pb_line_break_holder||||et_pb_line_break_holder||&#8211;||et_pb_line_break_holder||This message was sent through the contact form of the FRENCH site www.sbaa.swiss (https:\/\/www.sbaa.swiss\/fr\/contact\/)||et_pb_line_break_holder||Reply-To: %%email%%\u00a0\u00bb success_message=\u00a0\u00bbMerci, votre message a \u00e9t\u00e9 envoy\u00e9 avec succ\u00e8s!\u00a0\u00bb submit_button_text=\u00a0\u00bbEnvoyer\u00a0\u00bb module_id=\u00a0\u00bbet_pb_contact_form_0&Prime; _builder_version=\u00a0\u00bb4.20.4&Prime; _unique_id=\u00a0\u00bb14e12fd2-03ae-4ee4-9ead-1c63f858af8d\u00a0\u00bb form_field_background_color=\u00a0\u00bb#ffffff\u00a0\u00bb title_level=\u00a0\u00bbh2&Prime; title_text_color=\u00a0\u00bb#FFFFFF\u00a0\u00bb form_field_font=\u00a0\u00bbRoboto|on|||\u00a0\u00bb form_field_font_size=\u00a0\u00bb16px\u00a0\u00bb custom_button=\u00a0\u00bbon\u00a0\u00bb button_text_color=\u00a0\u00bb#ffffff\u00a0\u00bb button_bg_color=\u00a0\u00bb#bc3b00&Prime; button_border_width=\u00a0\u00bb2px\u00a0\u00bb button_border_color=\u00a0\u00bb#ed4441&Prime; button_border_radius=\u00a0\u00bb0px\u00a0\u00bb button_letter_spacing=\u00a0\u00bb4px\u00a0\u00bb button_font=\u00a0\u00bb|on||on|\u00a0\u00bb button_icon=\u00a0\u00bb&#x24;||divi||400&Prime; button_icon_color=\u00a0\u00bb#1a1a1a\u00a0\u00bb text_orientation=\u00a0\u00bbleft\u00a0\u00bb custom_margin=\u00a0\u00bb12px|||\u00a0\u00bb animation_style=\u00a0\u00bbfold\u00a0\u00bb animation_direction=\u00a0\u00bbright\u00a0\u00bb animation_intensity_fold=\u00a0\u00bb20%\u00a0\u00bb hover_enabled=\u00a0\u00bb0&Prime; border_width_all=\u00a0\u00bb1px\u00a0\u00bb border_color_all=\u00a0\u00bbrgba(0,0,0,0.12)\u00a0\u00bb border_style_all=\u00a0\u00bbsolid\u00a0\u00bb use_border_color=\u00a0\u00bbon\u00a0\u00bb border_color=\u00a0\u00bbrgba(0,0,0,0.12)\u00a0\u00bb form_background_color=\u00a0\u00bb#ffffff\u00a0\u00bb locked=\u00a0\u00bboff\u00a0\u00bb global_colors_info=\u00a0\u00bb{}\u00a0\u00bb sticky_enabled=\u00a0\u00bb0&Prime;][et_pb_contact_field field_id=\u00a0\u00bbname\u00a0\u00bb field_title=\u00a0\u00bbVotre nom\u00a0\u00bb fullwidth_field=\u00a0\u00bbon\u00a0\u00bb _builder_version=\u00a0\u00bb4.20.4&Prime; hover_enabled=\u00a0\u00bb0&Prime; global_colors_info=\u00a0\u00bb{}\u00a0\u00bb button_text_size__hover_enabled=\u00a0\u00bboff\u00a0\u00bb button_one_text_size__hover_enabled=\u00a0\u00bboff\u00a0\u00bb button_two_text_size__hover_enabled=\u00a0\u00bboff\u00a0\u00bb button_text_color__hover_enabled=\u00a0\u00bboff\u00a0\u00bb button_one_text_color__hover_enabled=\u00a0\u00bboff\u00a0\u00bb button_two_text_color__hover_enabled=\u00a0\u00bboff\u00a0\u00bb button_border_width__hover_enabled=\u00a0\u00bboff\u00a0\u00bb button_one_border_width__hover_enabled=\u00a0\u00bboff\u00a0\u00bb button_two_border_width__hover_enabled=\u00a0\u00bboff\u00a0\u00bb button_border_color__hover_enabled=\u00a0\u00bboff\u00a0\u00bb button_one_border_color__hover_enabled=\u00a0\u00bboff\u00a0\u00bb button_two_border_color__hover_enabled=\u00a0\u00bboff\u00a0\u00bb button_border_radius__hover_enabled=\u00a0\u00bboff\u00a0\u00bb button_one_border_radius__hover_enabled=\u00a0\u00bboff\u00a0\u00bb button_two_border_radius__hover_enabled=\u00a0\u00bboff\u00a0\u00bb button_letter_spacing__hover_enabled=\u00a0\u00bboff\u00a0\u00bb button_one_letter_spacing__hover_enabled=\u00a0\u00bboff\u00a0\u00bb button_two_letter_spacing__hover_enabled=\u00a0\u00bboff\u00a0\u00bb button_bg_color__hover_enabled=\u00a0\u00bboff\u00a0\u00bb button_one_bg_color__hover_enabled=\u00a0\u00bboff\u00a0\u00bb button_two_bg_color__hover_enabled=\u00a0\u00bboff\u00a0\u00bb sticky_enabled=\u00a0\u00bb0&Prime;][\/et_pb_contact_field][et_pb_contact_field field_id=\u00a0\u00bbemail\u00a0\u00bb field_title=\u00a0\u00bbVotre Email\u00a0\u00bb field_type=\u00a0\u00bbemail\u00a0\u00bb fullwidth_field=\u00a0\u00bbon\u00a0\u00bb _builder_version=\u00a0\u00bb4.20.4&Prime; hover_enabled=\u00a0\u00bb0&Prime; global_colors_info=\u00a0\u00bb{}\u00a0\u00bb button_text_size__hover_enabled=\u00a0\u00bboff\u00a0\u00bb button_one_text_size__hover_enabled=\u00a0\u00bboff\u00a0\u00bb button_two_text_size__hover_enabled=\u00a0\u00bboff\u00a0\u00bb button_text_color__hover_enabled=\u00a0\u00bboff\u00a0\u00bb button_one_text_color__hover_enabled=\u00a0\u00bboff\u00a0\u00bb button_two_text_color__hover_enabled=\u00a0\u00bboff\u00a0\u00bb button_border_width__hover_enabled=\u00a0\u00bboff\u00a0\u00bb button_one_border_width__hover_enabled=\u00a0\u00bboff\u00a0\u00bb button_two_border_width__hover_enabled=\u00a0\u00bboff\u00a0\u00bb button_border_color__hover_enabled=\u00a0\u00bboff\u00a0\u00bb button_one_border_color__hover_enabled=\u00a0\u00bboff\u00a0\u00bb button_two_border_color__hover_enabled=\u00a0\u00bboff\u00a0\u00bb button_border_radius__hover_enabled=\u00a0\u00bboff\u00a0\u00bb button_one_border_radius__hover_enabled=\u00a0\u00bboff\u00a0\u00bb button_two_border_radius__hover_enabled=\u00a0\u00bboff\u00a0\u00bb button_letter_spacing__hover_enabled=\u00a0\u00bboff\u00a0\u00bb button_one_letter_spacing__hover_enabled=\u00a0\u00bboff\u00a0\u00bb button_two_letter_spacing__hover_enabled=\u00a0\u00bboff\u00a0\u00bb button_bg_color__hover_enabled=\u00a0\u00bboff\u00a0\u00bb button_one_bg_color__hover_enabled=\u00a0\u00bboff\u00a0\u00bb button_two_bg_color__hover_enabled=\u00a0\u00bboff\u00a0\u00bb sticky_enabled=\u00a0\u00bb0&Prime;][\/et_pb_contact_field][et_pb_contact_field field_id=\u00a0\u00bbsubject\u00a0\u00bb field_title=\u00a0\u00bbSujet\u00a0\u00bb fullwidth_field=\u00a0\u00bbon\u00a0\u00bb _builder_version=\u00a0\u00bb4.20.4&Prime; _module_preset=\u00a0\u00bbdefault\u00a0\u00bb hover_enabled=\u00a0\u00bb0&Prime; global_colors_info=\u00a0\u00bb{}\u00a0\u00bb sticky_enabled=\u00a0\u00bb0&Prime;][\/et_pb_contact_field][et_pb_contact_field field_id=\u00a0\u00bbmessage\u00a0\u00bb field_title=\u00a0\u00bbVotre message\u00a0\u00bb field_type=\u00a0\u00bbtext\u00a0\u00bb fullwidth_field=\u00a0\u00bbon\u00a0\u00bb _builder_version=\u00a0\u00bb4.20.4&Prime; hover_enabled=\u00a0\u00bb0&Prime; global_colors_info=\u00a0\u00bb{}\u00a0\u00bb button_text_size__hover_enabled=\u00a0\u00bboff\u00a0\u00bb button_one_text_size__hover_enabled=\u00a0\u00bboff\u00a0\u00bb button_two_text_size__hover_enabled=\u00a0\u00bboff\u00a0\u00bb button_text_color__hover_enabled=\u00a0\u00bboff\u00a0\u00bb button_one_text_color__hover_enabled=\u00a0\u00bboff\u00a0\u00bb button_two_text_color__hover_enabled=\u00a0\u00bboff\u00a0\u00bb button_border_width__hover_enabled=\u00a0\u00bboff\u00a0\u00bb button_one_border_width__hover_enabled=\u00a0\u00bboff\u00a0\u00bb button_two_border_width__hover_enabled=\u00a0\u00bboff\u00a0\u00bb button_border_color__hover_enabled=\u00a0\u00bboff\u00a0\u00bb button_one_border_color__hover_enabled=\u00a0\u00bboff\u00a0\u00bb button_two_border_color__hover_enabled=\u00a0\u00bboff\u00a0\u00bb button_border_radius__hover_enabled=\u00a0\u00bboff\u00a0\u00bb button_one_border_radius__hover_enabled=\u00a0\u00bboff\u00a0\u00bb button_two_border_radius__hover_enabled=\u00a0\u00bboff\u00a0\u00bb button_letter_spacing__hover_enabled=\u00a0\u00bboff\u00a0\u00bb button_one_letter_spacing__hover_enabled=\u00a0\u00bboff\u00a0\u00bb button_two_letter_spacing__hover_enabled=\u00a0\u00bboff\u00a0\u00bb button_bg_color__hover_enabled=\u00a0\u00bboff\u00a0\u00bb button_one_bg_color__hover_enabled=\u00a0\u00bboff\u00a0\u00bb button_two_bg_color__hover_enabled=\u00a0\u00bboff\u00a0\u00bb sticky_enabled=\u00a0\u00bb0&Prime;][\/et_pb_contact_field][\/et_pb_contact_form][\/et_pb_column][et_pb_column type=\u00a0\u00bb1_2&Prime; _builder_version=\u00a0\u00bb4.16&Prime; custom_padding=\u00a0\u00bb|||\u00a0\u00bb global_colors_info=\u00a0\u00bb{}\u00a0\u00bb custom_padding__hover=\u00a0\u00bb|||\u00a0\u00bb][et_pb_code _builder_version=\u00a0\u00bb4.20.4&Prime; _module_preset=\u00a0\u00bbdefault\u00a0\u00bb global_colors_info=\u00a0\u00bb{}\u00a0\u00bb]<iframe src=\"https:\/\/www.google.com\/maps\/embed?pb=!1m14!1m8!1m3!1d86319.09730049864!2d8.553498!3d47.461235!3m2!1i1024!2i768!4f13.1!3m3!1m2!1s0x479075424052757d%3A0xc66b77d646887658!2sA%C3%A9roport%20international%20de%20Zurich!5e0!3m2!1sfr!2sus!4v1680647422878!5m2!1sfr!2sus\" width=\"600\" height=\"450\" style=\"border:0;\" allowfullscreen=\"\" loading=\"lazy\" referrerpolicy=\"no-referrer-when-downgrade\"><\/iframe>[\/et_pb_code][\/et_pb_column][\/et_pb_row][\/et_pb_section][et_pb_section fb_built=\u00a0\u00bb1&Prime; admin_label=\u00a0\u00bbContact Info\u00a0\u00bb _builder_version=\u00a0\u00bb4.16&Prime; custom_padding=\u00a0\u00bb60px||60px|||\u00a0\u00bb locked=\u00a0\u00bboff\u00a0\u00bb global_colors_info=\u00a0\u00bb{}\u00a0\u00bb][et_pb_row column_structure=\u00a0\u00bb1_3,1_3,1_3&Prime; admin_label=\u00a0\u00bbRow\u00a0\u00bb _builder_version=\u00a0\u00bb4.16&Prime; custom_padding=\u00a0\u00bb10px||7px|||\u00a0\u00bb locked=\u00a0\u00bboff\u00a0\u00bb global_colors_info=\u00a0\u00bb{}\u00a0\u00bb][et_pb_column type=\u00a0\u00bb1_3&Prime; _builder_version=\u00a0\u00bb4.16&Prime; custom_padding=\u00a0\u00bb|||\u00a0\u00bb global_colors_info=\u00a0\u00bb{}\u00a0\u00bb custom_padding__hover=\u00a0\u00bb|||\u00a0\u00bb][et_pb_blurb title=\u00a0\u00bbNous rendre visite\u00a0\u00bb use_icon=\u00a0\u00bbon\u00a0\u00bb font_icon=\u00a0\u00bb&#xe081;||divi||400&Prime; icon_color=\u00a0\u00bb#ed4441&Prime; image_icon_background_color=\u00a0\u00bbrgba(255,255,255,0)\u00a0\u00bb image_icon_width=\u00a0\u00bb36px\u00a0\u00bb _builder_version=\u00a0\u00bb4.20.4&Prime; header_font=\u00a0\u00bbOswald|on||on|\u00a0\u00bb header_text_color=\u00a0\u00bb#1a1a1a\u00a0\u00bb header_font_size=\u00a0\u00bb24px\u00a0\u00bb header_line_height=\u00a0\u00bb1.9em\u00a0\u00bb body_font=\u00a0\u00bbRoboto||||\u00a0\u00bb body_font_size=\u00a0\u00bb16px\u00a0\u00bb body_line_height=\u00a0\u00bb1.8em\u00a0\u00bb background_color=\u00a0\u00bb#f4f4f4&Prime; background_size=\u00a0\u00bbinitial\u00a0\u00bb background_position=\u00a0\u00bbtop_left\u00a0\u00bb background_repeat=\u00a0\u00bbrepeat\u00a0\u00bb image_icon_custom_padding=\u00a0\u00bb25px|25px|25px|25px|false|false\u00a0\u00bb text_orientation=\u00a0\u00bbcenter\u00a0\u00bb custom_padding=\u00a0\u00bb60px||40px|||\u00a0\u00bb animation_style=\u00a0\u00bbfold\u00a0\u00bb animation_direction=\u00a0\u00bbright\u00a0\u00bb animation_intensity_fold=\u00a0\u00bb41%\u00a0\u00bb hover_enabled=\u00a0\u00bb0&Prime; border_radii_image=\u00a0\u00bbon|100%|100%|100%|100%\u00a0\u00bb border_width_all_image=\u00a0\u00bb3px\u00a0\u00bb border_color_all_image=\u00a0\u00bb#ed4441&Prime; icon_font_size=\u00a0\u00bb36px\u00a0\u00bb use_circle=\u00a0\u00bbon\u00a0\u00bb use_circle_border=\u00a0\u00bbon\u00a0\u00bb circle_border_color=\u00a0\u00bb#ed4441&Prime; circle_color=\u00a0\u00bbrgba(255,255,255,0)\u00a0\u00bb global_colors_info=\u00a0\u00bb{}\u00a0\u00bb image_icon_background_color__sticky_enabled=\u00a0\u00bb#7EBEC5&Prime; image_icon_background_color__sticky=\u00a0\u00bb#7EBEC5&Prime; sticky_enabled=\u00a0\u00bb0&Prime;]<a href=\"https:\/\/goo.gl\/maps\/dKyAHk9GPDx7CHKj7\" target=\"_blank\" rel=\"noopener\">SBAA Secr\u00e9tariat<\/a><br \/>\n<a href=\"https:\/\/goo.gl\/maps\/dKyAHk9GPDx7CHKj7\" target=\"_blank\" rel=\"noopener\">Case postale 2223<\/a><br \/>\n<a href=\"https:\/\/goo.gl\/maps\/dKyAHk9GPDx7CHKj7\" target=\"_blank\" rel=\"noopener\">CH-8060 A\u00e9roport de Zurich<\/a>[\/et_pb_blurb][\/et_pb_column][et_pb_column type=\u00a0\u00bb1_3&Prime; _builder_version=\u00a0\u00bb4.16&Prime; custom_padding=\u00a0\u00bb|||\u00a0\u00bb global_colors_info=\u00a0\u00bb{}\u00a0\u00bb custom_padding__hover=\u00a0\u00bb|||\u00a0\u00bb][et_pb_blurb title=\u00a0\u00bbAPPELEZ-NOUS\u00a0\u00bb use_icon=\u00a0\u00bbon\u00a0\u00bb font_icon=\u00a0\u00bb&#xe090;||divi||400&Prime; icon_color=\u00a0\u00bb#ed4441&Prime; image_icon_background_color=\u00a0\u00bbrgba(255,255,255,0)\u00a0\u00bb image_icon_width=\u00a0\u00bb36px\u00a0\u00bb _builder_version=\u00a0\u00bb4.20.4&Prime; header_font=\u00a0\u00bbOswald|on||on|\u00a0\u00bb header_text_color=\u00a0\u00bb#1a1a1a\u00a0\u00bb header_font_size=\u00a0\u00bb24px\u00a0\u00bb header_line_height=\u00a0\u00bb1.9em\u00a0\u00bb body_font=\u00a0\u00bbRoboto||||\u00a0\u00bb body_font_size=\u00a0\u00bb16px\u00a0\u00bb body_line_height=\u00a0\u00bb1.8em\u00a0\u00bb background_color=\u00a0\u00bb#f4f4f4&Prime; background_size=\u00a0\u00bbinitial\u00a0\u00bb background_position=\u00a0\u00bbtop_left\u00a0\u00bb background_repeat=\u00a0\u00bbrepeat\u00a0\u00bb image_icon_custom_padding=\u00a0\u00bb25px|25px|25px|25px|false|false\u00a0\u00bb text_orientation=\u00a0\u00bbcenter\u00a0\u00bb min_height=\u00a0\u00bb361.2px\u00a0\u00bb custom_padding=\u00a0\u00bb60px||46px|||\u00a0\u00bb hover_enabled=\u00a0\u00bb0&Prime; border_radii_image=\u00a0\u00bbon|100%|100%|100%|100%\u00a0\u00bb border_width_all_image=\u00a0\u00bb3px\u00a0\u00bb border_color_all_image=\u00a0\u00bb#ed4441&Prime; icon_font_size=\u00a0\u00bb36px\u00a0\u00bb use_circle=\u00a0\u00bbon\u00a0\u00bb use_circle_border=\u00a0\u00bbon\u00a0\u00bb circle_border_color=\u00a0\u00bb#ed4441&Prime; circle_color=\u00a0\u00bbrgba(255,255,255,0)\u00a0\u00bb global_colors_info=\u00a0\u00bb{}\u00a0\u00bb image_icon_background_color__sticky_enabled=\u00a0\u00bb#7EBEC5&Prime; image_icon_background_color__sticky=\u00a0\u00bb#7EBEC5&Prime; sticky_enabled=\u00a0\u00bb0&Prime;]<\/p>\n<p><a href=\"tel:+41 44 804 11 80\" target=\"_blank\" rel=\"noopener\">+41 44 804 11 80<\/a><\/p>\n<p>&nbsp;<\/p>\n<p>[\/et_pb_blurb][\/et_pb_column][et_pb_column type=\u00a0\u00bb1_3&Prime; _builder_version=\u00a0\u00bb4.16&Prime; custom_padding=\u00a0\u00bb|||\u00a0\u00bb global_colors_info=\u00a0\u00bb{}\u00a0\u00bb custom_padding__hover=\u00a0\u00bb|||\u00a0\u00bb][et_pb_blurb title=\u00a0\u00bbEnvoyez-nous un e-mail\u00a0\u00bb use_icon=\u00a0\u00bbon\u00a0\u00bb font_icon=\u00a0\u00bb&#xe080;||divi||400&Prime; icon_color=\u00a0\u00bb#ed4441&Prime; image_icon_background_color=\u00a0\u00bbrgba(255,255,255,0)\u00a0\u00bb image_icon_width=\u00a0\u00bb36px\u00a0\u00bb _builder_version=\u00a0\u00bb4.20.4&Prime; header_font=\u00a0\u00bbOswald|on||on|\u00a0\u00bb header_text_color=\u00a0\u00bb#1a1a1a\u00a0\u00bb header_font_size=\u00a0\u00bb24px\u00a0\u00bb header_line_height=\u00a0\u00bb1.9em\u00a0\u00bb body_font=\u00a0\u00bbRoboto||||\u00a0\u00bb body_font_size=\u00a0\u00bb16px\u00a0\u00bb body_line_height=\u00a0\u00bb1.8em\u00a0\u00bb background_color=\u00a0\u00bb#f4f4f4&Prime; background_size=\u00a0\u00bbinitial\u00a0\u00bb background_position=\u00a0\u00bbtop_left\u00a0\u00bb background_repeat=\u00a0\u00bbrepeat\u00a0\u00bb image_icon_custom_padding=\u00a0\u00bb25px|25px|25px|25px|false|false\u00a0\u00bb text_orientation=\u00a0\u00bbcenter\u00a0\u00bb min_height=\u00a0\u00bb360.4px\u00a0\u00bb custom_padding=\u00a0\u00bb60px||40px|||\u00a0\u00bb animation_style=\u00a0\u00bbfold\u00a0\u00bb animation_direction=\u00a0\u00bbleft\u00a0\u00bb animation_intensity_fold=\u00a0\u00bb41%\u00a0\u00bb hover_enabled=\u00a0\u00bb0&Prime; border_radii_image=\u00a0\u00bbon|100%|100%|100%|100%\u00a0\u00bb border_width_all_image=\u00a0\u00bb3px\u00a0\u00bb border_color_all_image=\u00a0\u00bb#ed4441&Prime; icon_font_size=\u00a0\u00bb36px\u00a0\u00bb use_circle=\u00a0\u00bbon\u00a0\u00bb use_circle_border=\u00a0\u00bbon\u00a0\u00bb circle_border_color=\u00a0\u00bb#ed4441&Prime; circle_color=\u00a0\u00bbrgba(255,255,255,0)\u00a0\u00bb global_colors_info=\u00a0\u00bb{}\u00a0\u00bb image_icon_background_color__sticky_enabled=\u00a0\u00bb#7EBEC5&Prime; image_icon_background_color__sticky=\u00a0\u00bb#7EBEC5&Prime; sticky_enabled=\u00a0\u00bb0&Prime;]<\/p>\n<p><a href=\"mailto:info@sbaa.swiss\" target=\"_blank\" rel=\"noopener\">info@sbaa.swiss<\/a><\/p>\n<p>[\/et_pb_blurb][\/et_pb_column][\/et_pb_row][\/et_pb_section]<\/p>\n","protected":false},"excerpt":{"rendered":"<p>SBAA Secr\u00e9tariat Case postale 2223 CH-8060 A\u00e9roport de Zurich+41 44 804 11 80 &nbsp;info@sbaa.swiss<\/p>\n","protected":false},"author":1,"featured_media":0,"parent":0,"menu_order":0,"comment_status":"closed","ping_status":"closed","template":"","meta":{"_et_pb_use_builder":"on","_et_pb_old_content":"","_et_gb_content_width":"","footnotes":""},"class_list":["post-528","page","type-page","status-publish","hentry"],"_links":{"self":[{"href":"https:\/\/www.sbaa.swiss\/fr\/wp-json\/wp\/v2\/pages\/528","targetHints":{"allow":["GET"]}}],"collection":[{"href":"https:\/\/www.sbaa.swiss\/fr\/wp-json\/wp\/v2\/pages"}],"about":[{"href":"https:\/\/www.sbaa.swiss\/fr\/wp-json\/wp\/v2\/types\/page"}],"author":[{"embeddable":true,"href":"https:\/\/www.sbaa.swiss\/fr\/wp-json\/wp\/v2\/users\/1"}],"replies":[{"embeddable":true,"href":"https:\/\/www.sbaa.swiss\/fr\/wp-json\/wp\/v2\/comments?post=528"}],"version-history":[{"count":5,"href":"https:\/\/www.sbaa.swiss\/fr\/wp-json\/wp\/v2\/pages\/528\/revisions"}],"predecessor-version":[{"id":539,"href":"https:\/\/www.sbaa.swiss\/fr\/wp-json\/wp\/v2\/pages\/528\/revisions\/539"}],"wp:attachment":[{"href":"https:\/\/www.sbaa.swiss\/fr\/wp-json\/wp\/v2\/media?parent=528"}],"curies":[{"name":"wp","href":"https:\/\/api.w.org\/{rel}","templated":true}]}}