{"id":436,"date":"2023-04-03T23:20:43","date_gmt":"2023-04-03T21:20:43","guid":{"rendered":"https:\/\/www.sbaa.swiss\/a-propos\/"},"modified":"2023-10-06T09:00:16","modified_gmt":"2023-10-06T07:00:16","slug":"a-propos","status":"publish","type":"page","link":"https:\/\/www.sbaa.swiss\/fr\/a-propos\/","title":{"rendered":"\u00c0 propos"},"content":{"rendered":"<p>[et_pb_section fb_built=\u00a0\u00bb1&Prime; _builder_version=\u00a0\u00bb4.20.2&Prime; _module_preset=\u00a0\u00bbdefault\u00a0\u00bb background_image=\u00a0\u00bbhttps:\/\/www.sbaa.swiss\/wp-content\/uploads\/apropos-bg.png\u00a0\u00bb parallax=\u00a0\u00bbon\u00a0\u00bb global_colors_info=\u00a0\u00bb{}\u00a0\u00bb][et_pb_row _builder_version=\u00a0\u00bb4.20.2&Prime; _module_preset=\u00a0\u00bbdefault\u00a0\u00bb background_color=\u00a0\u00bb#00709d\u00a0\u00bb custom_padding=\u00a0\u00bb2em|2em|2em|2em|true|true\u00a0\u00bb global_colors_info=\u00a0\u00bb{}\u00a0\u00bb][et_pb_column type=\u00a0\u00bb4_4&Prime; _builder_version=\u00a0\u00bb4.20.2&Prime; _module_preset=\u00a0\u00bbdefault\u00a0\u00bb global_colors_info=\u00a0\u00bb{}\u00a0\u00bb][et_pb_text _builder_version=\u00a0\u00bb4.20.2&Prime; _module_preset=\u00a0\u00bbdefault\u00a0\u00bb header_font=\u00a0\u00bbOswald|700||on|||||\u00a0\u00bb header_text_align=\u00a0\u00bbcenter\u00a0\u00bb header_font_size=\u00a0\u00bb60px\u00a0\u00bb animation_style=\u00a0\u00bbslide\u00a0\u00bb animation_direction=\u00a0\u00bbtop\u00a0\u00bb global_colors_info=\u00a0\u00bb{}\u00a0\u00bb]<\/p>\n<h1>\u00c0 propos de la SBAA<\/h1>\n<p>[\/et_pb_text][et_pb_divider color=\u00a0\u00bb#a51600&Prime; divider_weight=\u00a0\u00bb3px\u00a0\u00bb _builder_version=\u00a0\u00bb4.20.2&Prime; _module_preset=\u00a0\u00bbdefault\u00a0\u00bb max_width=\u00a0\u00bb24%\u00a0\u00bb module_alignment=\u00a0\u00bbcenter\u00a0\u00bb animation_style=\u00a0\u00bbzoom\u00a0\u00bb global_colors_info=\u00a0\u00bb{}\u00a0\u00bb][\/et_pb_divider][et_pb_text _builder_version=\u00a0\u00bb4.20.2&Prime; _module_preset=\u00a0\u00bbdefault\u00a0\u00bb text_font=\u00a0\u00bbRoboto||||||||\u00a0\u00bb text_font_size=\u00a0\u00bb16px\u00a0\u00bb header_font=\u00a0\u00bbOswald|700||on|||||\u00a0\u00bb header_font_size=\u00a0\u00bb52px\u00a0\u00bb global_colors_info=\u00a0\u00bb{}\u00a0\u00bb]<\/p>\n<p style=\"text-align: justify;\">La Swiss Business Aviation Association (SBAA) regroupe tous les professionnels bas\u00e9s en Suisse, pour d\u00e9fendre l\u2019avenir local du secteur de l\u2019aviation d\u2019affaires. Ces concurrents s\u2019associent pour parler d\u2019une seule voix forte, afin de maintenir localement cet \u00e9l\u00e9ment essentiel \u00e0 l\u2019attractivit\u00e9 de la Suisse en tant que centre international des affaires et de la diplomatie. Mais aussi pr\u00e9server tous les emplois directement li\u00e9s \u00e0 ce secteur, tout en faisant b\u00e9n\u00e9ficier l\u2019ensemble du pays de retomb\u00e9es positives.  <\/p>\n<p>[\/et_pb_text][\/et_pb_column][\/et_pb_row][\/et_pb_section]<\/p>\n","protected":false},"excerpt":{"rendered":"<p>\u00c0 propos de la SBAALa Swiss Business Aviation Association (SBAA) regroupe tous les professionnels bas\u00e9s en Suisse, pour d\u00e9fendre l\u2019avenir local du secteur de l\u2019aviation d\u2019affaires. Ces concurrents s\u2019associent pour parler d\u2019une seule voix forte, afin de maintenir localement cet \u00e9l\u00e9ment essentiel \u00e0 l\u2019attractivit\u00e9 de la Suisse en tant que centre international des affaires et [&hellip;]<\/p>\n","protected":false},"author":1,"featured_media":0,"parent":0,"menu_order":0,"comment_status":"closed","ping_status":"closed","template":"","meta":{"_et_pb_use_builder":"on","_et_pb_old_content":"","_et_gb_content_width":"","footnotes":""},"class_list":["post-436","page","type-page","status-publish","hentry"],"_links":{"self":[{"href":"https:\/\/www.sbaa.swiss\/fr\/wp-json\/wp\/v2\/pages\/436","targetHints":{"allow":["GET"]}}],"collection":[{"href":"https:\/\/www.sbaa.swiss\/fr\/wp-json\/wp\/v2\/pages"}],"about":[{"href":"https:\/\/www.sbaa.swiss\/fr\/wp-json\/wp\/v2\/types\/page"}],"author":[{"embeddable":true,"href":"https:\/\/www.sbaa.swiss\/fr\/wp-json\/wp\/v2\/users\/1"}],"replies":[{"embeddable":true,"href":"https:\/\/www.sbaa.swiss\/fr\/wp-json\/wp\/v2\/comments?post=436"}],"version-history":[{"count":9,"href":"https:\/\/www.sbaa.swiss\/fr\/wp-json\/wp\/v2\/pages\/436\/revisions"}],"predecessor-version":[{"id":772,"href":"https:\/\/www.sbaa.swiss\/fr\/wp-json\/wp\/v2\/pages\/436\/revisions\/772"}],"wp:attachment":[{"href":"https:\/\/www.sbaa.swiss\/fr\/wp-json\/wp\/v2\/media?parent=436"}],"curies":[{"name":"wp","href":"https:\/\/api.w.org\/{rel}","templated":true}]}}