{"id":508,"date":"2023-04-04T03:46:19","date_gmt":"2023-04-04T01:46:19","guid":{"rendered":"https:\/\/www.sbaa.swiss\/themen-und-projekte\/"},"modified":"2023-04-05T21:06:00","modified_gmt":"2023-04-05T19:06:00","slug":"themen-und-projekte","status":"publish","type":"page","link":"https:\/\/www.sbaa.swiss\/de\/themen-und-projekte\/","title":{"rendered":"Themen &#038; Projekte"},"content":{"rendered":"<p>[et_pb_section fb_built=&#8220;1&#8243; _builder_version=&#8220;4.20.2&#8243; _module_preset=&#8220;default&#8220; background_color=&#8220;#00709d&#8220; background_enable_image=&#8220;off&#8220; global_colors_info=&#8220;{}&#8220;][et_pb_row _builder_version=&#8220;4.20.2&#8243; _module_preset=&#8220;default&#8220; background_color=&#8220;#00709d&#8220; custom_padding=&#8220;2em|2em|2em|2em|true|true&#8220; global_colors_info=&#8220;{}&#8220;][et_pb_column type=&#8220;4_4&#8243; _builder_version=&#8220;4.20.2&#8243; _module_preset=&#8220;default&#8220; global_colors_info=&#8220;{}&#8220;][et_pb_text _builder_version=&#8220;4.20.2&#8243; _module_preset=&#8220;default&#8220; header_font=&#8220;Oswald|700||on|||||&#8220; header_text_align=&#8220;center&#8220; header_font_size=&#8220;60px&#8220; animation_style=&#8220;slide&#8220; animation_direction=&#8220;top&#8220; global_colors_info=&#8220;{}&#8220;]<\/p>\n<h1>Heisse Themen und Projekte<\/h1>\n<p>[\/et_pb_text][et_pb_divider color=&#8220;#a51600&#8243; divider_weight=&#8220;3px&#8220; _builder_version=&#8220;4.20.2&#8243; _module_preset=&#8220;default&#8220; max_width=&#8220;24%&#8220; module_alignment=&#8220;center&#8220; animation_style=&#8220;zoom&#8220; locked=&#8220;off&#8220; global_colors_info=&#8220;{}&#8220;][\/et_pb_divider][\/et_pb_column][\/et_pb_row][et_pb_row _builder_version=&#8220;4.20.2&#8243; _module_preset=&#8220;default&#8220; background_color=&#8220;#00709d&#8220; custom_padding=&#8220;2em|2em|2em|2em|true|true&#8220; global_colors_info=&#8220;{}&#8220;][et_pb_column type=&#8220;4_4&#8243; _builder_version=&#8220;4.20.2&#8243; _module_preset=&#8220;default&#8220; global_colors_info=&#8220;{}&#8220;][et_pb_text _builder_version=&#8220;4.20.4&#8243; _module_preset=&#8220;default&#8220; text_font=&#8220;Roboto||||||||&#8220; text_font_size=&#8220;16px&#8220; header_2_font=&#8220;Oswald|600|||||||&#8220; header_2_font_size=&#8220;42px&#8220; custom_margin=&#8220;||2px|||&#8220; custom_padding=&#8220;||41px|||&#8220; hover_enabled=&#8220;0&#8243; global_colors_info=&#8220;{}&#8220; sticky_enabled=&#8220;0&#8243;]<\/p>\n<p style=\"text-align: justify;\">Die SBAA vertritt und verteidigt die Interessen der Business Aviation in der Schweiz auf allen notwendigen Ebenen, um unsere globale Wettbewerbsf\u00e4higkeit zu gew\u00e4hrleisten.<\/p>\n<p style=\"text-align: justify;\">Ein wichtiger Teil der SBAA-Mission ist die Er\u00f6rterung der m\u00f6gliche Entwicklung von rechtlichen Vorschriften, aber auch der Regulierungsinfrastrukturen in unserem Land oder auf einer breiteren europ\u00e4ischen Ebene mit der EBA, unserer europ\u00e4ischen Vereinigung, sowie engagierten Partnern. Derzeit arbeiten wir an einigen der unten aufgef\u00fchrten Hauptthemen, in denen wir den zust\u00e4ndigen Aufsichtsbeh\u00f6rden und Beh\u00f6rden die Sichtweise des BizAv-Experten darlegen.<\/p>\n<h3 style=\"text-align: justify;\">NPA FTL (Flugzeitbeschr\u00e4nkungen)<br \/>NPA 80 % Runway Performance<\/h3>\n<p style=\"text-align: justify;\">FTL-Anforderungen bestimmen die maximal zul\u00e4ssigen Dienstzeiten, Flugdienstzeiten und Mindestruhezeiten f\u00fcr Piloten und Kabinenpersonal, um den sicheren Flugbetrieb zu gew\u00e4hrleisten. Sie legen auch Grenzwerte f\u00fcr den Bereitschaftsdienst der Besatzung oder andere nicht fliegerische Aufgaben fest. Bei einer kommerziellen Fluggesellschaft sind solche Vorschriften sehr streng, genau und absolut unvermeidbar.<\/p>\n<p style=\"text-align: justify;\">Im Bereich der Business Aviation ist die Diskussion mit den verschiedenen Stakeholdern derzeit im Gang. Die SBAA-Position ist v\u00f6llig klar: keine zus\u00e4tzlichen FTL. Tats\u00e4chlich k\u00f6nnen weitere Beschr\u00e4nkungen den Druck auf den Sektor wom\u00f6glich erh\u00f6hen und seine Flexibilit\u00e4t beeintr\u00e4chtigen, die f\u00fcr den gebotenen Mehrwert von zentraler Bedeutung ist.<\/p>\n<h3 style=\"text-align: justify;\">Luftverkehrs\u00fcberlastung an den Flugh\u00e4fen Genf und Z\u00fcrich<\/h3>\n<p style=\"text-align: justify;\">Die Schweiz ist ein wichtiger Standort f\u00fcr die Business Aviation, der in Bezug auf Umsatz auf Platz 4 und in Bezug auf Arbeitspl\u00e4tze auf Platz 5 liegt. Mit mehr als 17\u2019300 direkten und indirekten Vollzeitstellen liegt der wirtschaftliche Gesamteinfluss des Swiss BizAv-Sektors bei 3\u2019746\u2019706\u2019000 \u20ac und damit leicht unter dem Bereich von 3,75 \u20ac (EBAA, 2017).<\/p>\n<p style=\"text-align: justify;\">In jeder Ecke der Schweiz, in Genf und Z\u00fcrich nimmt der Verkehr auf kommerziellen Standardflugh\u00e4fen zu und die Verf\u00fcgbarkeit von Start- bzw. Landezeiten wird in beiden Flugh\u00e4fen immer komplexer, was sich auf den Kern der USP auswirkt: Effizienz.<\/p>\n<p style=\"text-align: justify;\">In Z\u00fcrich besteht eine m\u00f6gliche L\u00f6sung, die derzeit getestet wird, darin, den nahegelegenen Flughafen D\u00fcbendorf, der gut mit \u00f6ffentlichen oder privaten Verkehrsmitteln von der Z\u00fcrcher Innenstadt zu erreichen ist, zu nutzen. Die zuk\u00fcnftige Zusammenarbeit sieht vielversprechend aus und ebnet den Weg f\u00fcr eine \u00e4hnliche Partnerschaft in der Schweiz. http:\/\/www.duebendorf-flugplatz.ch<br \/><a href=\"https:\/\/www.duebendorf.ch\/dienstleistungen\/24768\" target=\"_blank\" rel=\"noopener\">https:\/\/www.duebendorf.ch\/dienstleistungen\/24768<\/a><\/p>\n<p style=\"text-align: justify;\">In Genf hat der Flughafen eine einzige Landebahn und ist vollst\u00e4ndig von Bergen umgeben, die zwar sch\u00f6n, aber auch ein gro\u00dfes Hindernis f\u00fcr Piloten darstellen. Die Business Aviation kann nicht einfach in andere Teile der Schweiz oder ins benachbarte Frankreich verlegt werden. Dadurch w\u00fcrde sie ihren Zweck verlieren, n\u00e4mlich die Staatsoberh\u00e4upter und Entscheidungstr\u00e4ger in die internationale Stadt Genf zu bringen. Allein in Genf w\u00fcrde der Flughafenwechsel sowohl die 1200 direkten Arbeitspl\u00e4tze als auch die Attraktivit\u00e4t der Region f\u00fcr internationale Organisationen und gro\u00dfe internationale Konzerne gef\u00e4hrden.<\/p>\n<h3 style=\"text-align: justify;\">\u201cGenfer Flughafen Nord\u201d<\/h3>\n<p style=\"text-align: justify;\">Der Genfer Flughafen muss seine Infrastruktur neu definieren, um im begrenzten Rahmen von m\u00f6glichen Erweiterungen dem Verkehrserfolg gerecht zu werden. Eines der Projekte besteht zu analysieren, ob bis 2022 BA-Aktivit\u00e4ten in den Nordsektor des Flughafens zu verschieben w\u00e4ren. Die SBAA ist gemeinsam mit den AGAA-Partnern aktiv an diesem Projekt beteiligt.<\/p>\n<p style=\"text-align: justify;\">Analyse und \u00dcberpr\u00fcfung des L\u00e4rmgeb\u00fchrensystems f\u00fcr BA-Jets in der Schweiz<br \/>Das derzeitige L\u00e4rmbelastungssystem ist mit Blick auf die BA-Jets der neuen Generation ein Nachteil. In Zusammenarbeit mit Dassault Aviation arbeitet SBAA auch an diesem Thema.<\/p>\n<p>[\/et_pb_text][et_pb_divider color=&#8220;#a51600&#8243; divider_weight=&#8220;3px&#8220; _builder_version=&#8220;4.20.2&#8243; _module_preset=&#8220;default&#8220; max_width=&#8220;24%&#8220; module_alignment=&#8220;center&#8220; animation_style=&#8220;zoom&#8220; locked=&#8220;off&#8220; global_colors_info=&#8220;{}&#8220;][\/et_pb_divider][\/et_pb_column][\/et_pb_row][et_pb_row _builder_version=&#8220;4.20.2&#8243; _module_preset=&#8220;default&#8220; background_color=&#8220;#00709d&#8220; custom_padding=&#8220;2em|2em|2em|2em|true|true&#8220; global_colors_info=&#8220;{}&#8220;][et_pb_column type=&#8220;4_4&#8243; _builder_version=&#8220;4.20.2&#8243; _module_preset=&#8220;default&#8220; global_colors_info=&#8220;{}&#8220;][et_pb_text _builder_version=&#8220;4.20.2&#8243; _module_preset=&#8220;default&#8220; text_font=&#8220;Roboto||||||||&#8220; text_font_size=&#8220;16px&#8220; header_2_font=&#8220;Oswald|600|||||||&#8220; header_2_font_size=&#8220;42px&#8220; custom_margin=&#8220;||2px|||&#8220; custom_padding=&#8220;||41px|||&#8220; global_colors_info=&#8220;{}&#8220;]<\/p>\n<h2 style=\"text-align: justify;\">GESCH\u00c4FTSBERICHT 2017\/18<\/h2>\n<p style=\"text-align: justify;\">Dieses Jahr war vor allem gepr\u00e4gt von der Restrukturierung und Neuorganisation des SBAA-Boards, aber auch von der Durchf\u00fchrung verschiedener Projekte sowie von der aktiven Teilnahme an verschiedenen Themen. Unser neues Logo soll repr\u00e4sentativ sein f\u00fcr diese Erneuerung, die unser Handeln in der Schweiz, aber auch unsere Zusammenarbeit mit der EBAA st\u00e4rken soll. Gute Lekt\u00fcre und vielen Dank f\u00fcr Ihr Vertrauen in die Arbeit Ihres Vorstands.  <\/p>\n<h3 style=\"text-align: justify;\">1. Die EBAA Schweiz wurde zur Swiss Business Aviation Association<\/h3>\n<p style=\"text-align: justify;\">a) Im Laufe des Jahres sind zwei Vorstandsmitglieder aus beruflichen und privaten Gr\u00fcnden zur\u00fcckgetreten, n\u00e4mlich Frau Andrea Meier und Herr Peter Hartmann. Wir danken beiden herzlich f\u00fcr ihr Engagement im Vorstand der Business Aviation. Wir w\u00fcnschen Peter Hartmann alles Gute im Ruhestand und Andrea Meier viel Erfolg f\u00fcr die berufliche Zukunft.  <\/p>\n<p style=\"text-align: justify;\">b) Neu im Vorstand k\u00f6nnen wir Claudio Peer begr\u00fcssen, VP Sales Aircraft Management EMEA and Asia von der Jet Aviation Business Jets AG. Es ist uns eine Ehre, den Antrag auf die Wahl in den Vorstand zu stellen. <\/p>\n<p style=\"text-align: justify;\">c) Der Vorstand reorganisierte und legte die Arbeitsweise fest. Eine neue Verteilung der Aufgaben, Projekte und Repr\u00e4sentationen wurde vorgenommen. Zudem wurde von allen Vorstandsmitgliedern ein Verhaltens- undZusammenarbeitskodex unterzeichnet.  <\/p>\n<p style=\"text-align: justify;\">d) Eine Website ist im Aufbau und ist an der EBACE 2018 unter folgendem Link abrufbar: <a href=\"https:\/\/www.sbaa.swiss\/de\/\">www.sbaa.swiss<\/a>.<\/p>\n<h3 style=\"text-align: justify;\">2. Aktivit\u00e4ten und Aktionen auf nationaler Ebene<\/h3>\n<p style=\"text-align: justify;\">a) Teilnahme am Projekt \u201cFlughafen D\u00fcbendorf\u201d<br \/>Im Hinblick auf den Ausbau des Flugplatzes D\u00fcbendorf hat das Jahr 2017 gut begonnen. Am 11. Januar 2017 hat der Regierungsrat des Kantons Z\u00fcrich die Nutzung des Flugplatzes D\u00fcbendorf in der Zivilluftfahrt neu bewertet. In seinem Beschluss anerkennt der Regierungsrat die strategische Bedeutung der Luftverkehrsinfrastruktur im Allgemeinen und insbesondere den Sektor der Gesch\u00e4ftsluftfahrt f\u00fcr eine prosperierende Wirtschaft. Er unterst\u00fctzt daher das Konzept der Bundesregierung f\u00fcr eine Dreifachnutzung der ehemaligen Luftwaffenbasis (Innovationspark, zivile und milit\u00e4rische Luftfahrt). Unter Federf\u00fchrung des Bundesamtes f\u00fcr Zivilluftfahrt BAZL und in Anwesenheit von Vertretern des Bundes, des Kantons, der Gemeinden und der regionalen Planungsgruppe wurde der Koordinierungsprozess des Sachplans Infrastruktur Luftfahrt SIL ausgef\u00fchrt, der sp\u00e4ter zu einem Lageplan f\u00fcr den Flugplatz in D\u00fcbendorf f\u00fchren soll. Der Koordinierungsprozess des SIL wurde Anfang dieses Jahres abgeschlossen. Die Vernehmlassung des Entwurfs zum Sachplan wird f\u00fcr die Teilnehmer bis Mitte Juli dauern. Die \u00f6ffentliche Anh\u00f6rung und Teilnahme am Entwurf des Sachplans ist vom BAZL f\u00fcr Ende des Jahres vorgesehen. Der Voruntersuchungsbericht zur Umweltvertr\u00e4glichkeitspr\u00fcfung erfolgt in Abstimmung mit dem Bund und dem Kanton Z\u00fcrich. Parallel zur Erstellung des Plangenehmigungsantrags m\u00fcssen die Flugbetriebsverfahren f\u00fcr den Betriebserlaubnisantrag und die Betriebsordnung vorbereitet werden.         <\/p>\n<p style=\"text-align: justify;\">b) SIL Genf<br \/>In Zusammenarbeit mit unseren AGAA-Kollegen haben wir zur Genfer SIL eine Stellungnahme verfasst, die im Laufe des Jahres fertiggestellt und dem Bundesrat zur Genehmigung vorgelegt wird.<\/p>\n<p style=\"text-align: justify;\">c) Konsultation und Unterzeichnung des Genfer Abkommens f\u00fcr Flughafengeb\u00fchren Nutzer der Gesch\u00e4ftsluftfahrt<br \/>Als Vertreter der BA und erneut in Zusammenarbeit mit der AGAA haben wir an den Verhandlungen \u00fcber die n\u00e4chsten Flughafengeb\u00fchren teilgenommen. Das Abschlussdokument wurde gemeinsam unterzeichnet. <\/p>\n<p style=\"text-align: justify;\">d) Analyse und \u00dcberpr\u00fcfung des L\u00e4rmsteuersystems f\u00fcr die BA-Jets in der Schweiz<br \/>Die Schweiz wendet \u00fcber das BAZL Beschr\u00e4nkungen in Bezug auf Flugl\u00e4rm an, die sich direkt auf den BA-Betrieb auswirken. Die L\u00e4rmpegel werden am Flughafen Z\u00fcrich gemessen und entsprechen nicht den Werten des ICAO-L\u00e4rmzertifikats. Wir arbeiten mit Dassault Aviation zusammen, um diese schweizerische Besonderheit zu verstehen und gute L\u00f6sungen zu finden.  <\/p>\n<p style=\"text-align: justify;\">e) Aufbau einer aktiven Zusammenarbeit mit der AIG-Gesch\u00e4ftsf\u00fchrung<br \/>Wir haben eine hervorragende Zusammenarbeit zwischen der AIG und unseren AGAA-Kollegen aufgebaut.<\/p>\n<p style=\"text-align: justify;\">f) BAZL Swiss Aviation Days<br \/>Wie jedes Jahr haben wir die Interessen und Fragen zur Situation der BA vertreten. Ein besonderer Akzent wurde auf das Slot-Problem in Genf gelegt. <\/p>\n<p style=\"text-align: justify;\">g) Teilnahme an den Mittagessen des Parlamentarischen Luftfahrtausschusses<br \/>Der Vorstand vertritt die SBAA w\u00e4hrend der Mittagessen des Parlamentarischen Luftfahrtausschusses.<\/p>\n<p style=\"text-align: justify;\">h) Vertretung der SBAA bei der Aerosuisse<br \/>Die SBAA ist bei Aerosuisse stets durch unseren Ehrenpr\u00e4sidenten, Dr. Dieter Neupert, und unseren Vorstandskollegen, Claudio Lasagni, vertreten.<\/p>\n<h3 style=\"text-align: justify;\">3. Aktivit\u00e4ten und Aktionen auf internationaler Ebene<\/h3>\n<p style=\"text-align: justify;\">a) Positioning and follow-up regarding the future FTL legislation<\/p>\n<p style=\"text-align: justify;\">b) SBAA Vertretung beim EBAA Council<br \/>EBAA bereitet eine Schulung zum k\u00fcnftigen Kommunikationsprogramm vor. Eine Information zur Wettbewerbsf\u00e4higkeit (Kartellrecht) wurde vorgelegt. Wir stellen Hand-outs f\u00fcr SBAA-Mitgliedern zur Verf\u00fcgung.  <\/p>\n<p>[\/et_pb_text][et_pb_divider color=&#8220;#a51600&#8243; divider_weight=&#8220;3px&#8220; _builder_version=&#8220;4.20.2&#8243; _module_preset=&#8220;default&#8220; max_width=&#8220;24%&#8220; module_alignment=&#8220;center&#8220; animation_style=&#8220;zoom&#8220; locked=&#8220;off&#8220; global_colors_info=&#8220;{}&#8220;][\/et_pb_divider][\/et_pb_column][\/et_pb_row][et_pb_row _builder_version=&#8220;4.20.2&#8243; _module_preset=&#8220;default&#8220; background_color=&#8220;#00709d&#8220; custom_padding=&#8220;2em|2em|2em|2em|true|true&#8220; global_colors_info=&#8220;{}&#8220;][et_pb_column type=&#8220;4_4&#8243; _builder_version=&#8220;4.20.2&#8243; _module_preset=&#8220;default&#8220; global_colors_info=&#8220;{}&#8220;][et_pb_text _builder_version=&#8220;4.20.4&#8243; _module_preset=&#8220;default&#8220; text_font=&#8220;Roboto||||||||&#8220; text_font_size=&#8220;16px&#8220; header_2_font=&#8220;Oswald|600|||||||&#8220; header_2_font_size=&#8220;42px&#8220; custom_margin=&#8220;||2px|||&#8220; custom_padding=&#8220;||41px|||&#8220; hover_enabled=&#8220;0&#8243; global_colors_info=&#8220;{}&#8220; sticky_enabled=&#8220;0&#8243;]<\/p>\n<h2 style=\"text-align: justify;\">PROJEKTE UND AKTIVIT\u00c4TEN 2018\/19<\/h2>\n<h2 style=\"text-align: justify;\">Projekte<\/h2>\n<h3 style=\"text-align: justify;\">Erweiterung der Mitgliedschaft f\u00fcr die verschiedenen Akteure der Gesch\u00e4ftsluftfahrt<\/h3>\n<p style=\"text-align: justify;\">Die Gesch\u00e4ftsluftfahrt ist eine multidisziplin\u00e4re T\u00e4tigkeit, die zahlreiche Akteure zusammenfasst. Mit der \u00d6ffnung unseres Status wollen wir die Entwicklung unseres Verbandes vorantreiben und seinen Einfluss und seine Repr\u00e4sentation st\u00e4rken.<\/p>\n<h3 style=\"text-align: justify;\">Aufbau einer Kommunikationskampagne in Zusammenarbeit mit EBAA<\/h3>\n<p style=\"text-align: justify;\">Die EBAA entwickelt eine Kommunikationsstrategie. Die Phase der Publikumsforschung ist abgeschlossen, der erste Entwurf eines Positionierungs-, Strategie- und Kommunikationsplans sollte in K\u00fcrze verf\u00fcgbar sein. Die SBAA wird sich nach dieser Kampagne ausrichten und einen spezifischen Ansatz f\u00fcr die Schweiz anwenden.<\/p>\n<h3 style=\"text-align: justify;\">Implementierung und Entwicklung der SBAA-Website<\/h3>\n<p style=\"text-align: justify;\">Eine erste Pr\u00e4senz im Web wurde Anfang 2018 konkretisiert. Unsere Website muss nun speziell mit der anstehenden Werbekampagne weiterentwickelt und verbessert werden.<\/p>\n<h2 style=\"text-align: justify;\">Laufende Aktivit\u00e4ten<\/h2>\n<h3 style=\"text-align: justify;\">Teilnahme am Projekt \u201cFlughafen D\u00fcbendorf\u201d<\/h3>\n<p style=\"text-align: justify;\">Unter Federf\u00fchrung des Bundesamtes f\u00fcr Zivilluftfahrt (BAZL) und mit Vertretern des Bundes, des Kantons Z\u00fcrich, der Gemeinden und der regionalen Planungsgruppe wurde der Koordinationsprozess des Sachplans Infrastruktur der Luftfahrt SIL Anfang 2018 abgeschlossen. Die Vernehmlassung des Berichtsentwurfs dauerte bis Mitte Juli. Die \u00f6ffentliche Anh\u00f6rung und die Teilnahme am Entwurf der SIL-Standortbeschreibung wird vom BAZL f\u00fcr Ende dieses Jahres geplant. Die Bewilligung des Bundesrates wird f\u00fcr Juni 2019 erwartet.<\/p>\n<p style=\"text-align: justify;\">Im Hinblick auf die Umsetzungsverfahren mit dem Ziel der Erteilung der Betriebsgenehmigung, der Genehmigung der Betriebsordnung und etwaiger Baugenehmigungen haben die ausgew\u00e4hlten Projektteams f\u00fcr den Hoch- und Tiefbau begonnen, auf Hochtouren zu arbeiten. Der Voruntersuchungsbericht zur Umweltvertr\u00e4glichkeitspr\u00fcfung erfolgt in Abstimmung mit dem Bund und dem Kanton Z\u00fcrich, die Vorgaben f\u00fcr den zu erstellenden Abschlussbericht werden bis Ende August 2018 erwartet. Parallel zur Erstellung des Planfeststellungsauftrags m\u00fcssen die Flugbetriebsverfahren f\u00fcr den Betriebserlaubnisantrag und das Betriebsreglement als Teil der endg\u00fcltigen und umfassenden Antragsunterlagen erstellt werden, die bis Mitte 2019, unmittelbar nachdem das SIL-Baustellenblatt von der Schweizerischen Eidgenossenschaft genehmigt wurde, dem BAZL vorzulegen sind.<br \/><a href=\"https:\/\/www.duebendorf.ch\/dienstleistungen\/24768\" target=\"_blank\" rel=\"noopener\">www.duebendorf.ch\/dienstleistungen\/24768<\/a><\/p>\n<h3 style=\"text-align: justify;\">Teilnahme am Projekt \u201cNorth Sector Geneva Airport\u201d<\/h3>\n<p style=\"text-align: justify;\">Der Genfer Flughafen f\u00fchrte ein Vernehmlassungs- und Zusammenarbeitsverfahren mit den verschiedenen Akteuren der Business Aviation ein. Ziel ist es, gemeinsam die Entwicklung des Flughafens Nordsektor t zu definieren, auf den wir unsere Aktivit\u00e4ten bis 2022 ausrichten. Die SBAA ist in Zusammenarbeit mit den AGAA-Partnern sehr aktiv an diesem Projekt beteiligt.<\/p>\n<h3 style=\"text-align: justify;\">Analyse und \u00dcberpr\u00fcfung des Noise-Fees-Systems f\u00fcr BA-Jets in der Schweiz<\/h3>\n<p style=\"text-align: justify;\">Das aktuelle System der L\u00e4rmbek\u00e4mpfung wirkt sich nachteilig aus f\u00fcr die BA-Jets der neuen Generation. Es basiert auf L\u00e4rmmessungen in der Schweiz und ber\u00fccksichtigt nicht die ICAO-L\u00e4rmzertifikate. In Zusammenarbeit mit Dassault Aviation wird eine Analyse dieses Systems durchgef\u00fchrt.<\/p>\n<h3 style=\"text-align: justify;\">EASA NPA 2017-17 Flugzeitbeschr\u00e4nkungen<\/h3>\n<p style=\"text-align: justify;\">Die EU m\u00f6chte Flugzeitbeschr\u00e4nkungen f\u00fcr die Gesch\u00e4ftsluftfahrt erlassen. Ein Vorschlag (NPA 2017-17) wurde zur Konsultation der Industrie zusammengef\u00fchrt. Die Bedingungen sind nicht akzeptabel und es besteht die Gefahr f\u00fcr ernsthafte Auswirkungen auf unsere Aktivit\u00e4ten und Wettbewerbsf\u00e4higkeit. Die SBAA verfolgt diese NPA aktiv und wird weiterhin auf allen m\u00f6glichen Ebenen intervenieren.<\/p>\n<h3 style=\"text-align: justify;\">Teilnahme an den BAZL Swiss Aviation Days<\/h3>\n<p style=\"text-align: justify;\">Das BAZL organisiert jedes Jahr ein Treffen mit Vertretern der Luftfahrtindustrie. Diese Plattform erm\u00f6glicht es dem BAZL, direkt mit Stakeholdern zu kommunizieren und bietet die M\u00f6glichkeit, allgemeine oder spezifische Fragen zu diskutieren. SBAA vertritt aktiv die Interessen der Gesch\u00e4ftsluftfahrt.<\/p>\n<h3 style=\"text-align: justify;\">Teilnahme an den Mittagessen des Parlamentarischen Luftfahrtausschusses<\/h3>\n<p style=\"text-align: justify;\">Die Parlamentarische Gruppe Luft- und Raumfahrt ist ein Forum f\u00fcr Treffen und zum Informationsaustausch zwischen den Interessengruppen der Luftfahrt und den Parlamentariern. Zugang habe alle Mitglieder der der beiden Kammern, die sich f\u00fcr die Fragen der Luft- und Raumfahrt interessieren.<\/p>\n<p style=\"text-align: justify;\">Die Anwesenheit der SBAA bietet eine wichtige M\u00f6glichkeit, die politischen Akteure unseres Landes direkt zu treffen.<\/p>\n<p style=\"text-align: justify;\"><strong>Vertretung der SBAA innerhalb des EBAA Council<\/strong><br \/><strong>Vertretung der SBAA innerhalb von Aerosuisse<\/strong><\/p>\n<p>[\/et_pb_text][\/et_pb_column][\/et_pb_row][\/et_pb_section]<\/p>\n","protected":false},"excerpt":{"rendered":"<p>Heisse Themen und ProjekteDie SBAA vertritt und verteidigt die Interessen der Business Aviation in der Schweiz auf allen notwendigen Ebenen, um unsere globale Wettbewerbsf\u00e4higkeit zu gew\u00e4hrleisten. Ein wichtiger Teil der SBAA-Mission ist die Er\u00f6rterung der m\u00f6gliche Entwicklung von rechtlichen Vorschriften, aber auch der Regulierungsinfrastrukturen in unserem Land oder auf einer breiteren europ\u00e4ischen Ebene mit der [&hellip;]<\/p>\n","protected":false},"author":1,"featured_media":0,"parent":0,"menu_order":0,"comment_status":"closed","ping_status":"closed","template":"","meta":{"_et_pb_use_builder":"on","_et_pb_old_content":"","_et_gb_content_width":"","footnotes":""},"class_list":["post-508","page","type-page","status-publish","hentry"],"_links":{"self":[{"href":"https:\/\/www.sbaa.swiss\/de\/wp-json\/wp\/v2\/pages\/508","targetHints":{"allow":["GET"]}}],"collection":[{"href":"https:\/\/www.sbaa.swiss\/de\/wp-json\/wp\/v2\/pages"}],"about":[{"href":"https:\/\/www.sbaa.swiss\/de\/wp-json\/wp\/v2\/types\/page"}],"author":[{"embeddable":true,"href":"https:\/\/www.sbaa.swiss\/de\/wp-json\/wp\/v2\/users\/1"}],"replies":[{"embeddable":true,"href":"https:\/\/www.sbaa.swiss\/de\/wp-json\/wp\/v2\/comments?post=508"}],"version-history":[{"count":5,"href":"https:\/\/www.sbaa.swiss\/de\/wp-json\/wp\/v2\/pages\/508\/revisions"}],"predecessor-version":[{"id":701,"href":"https:\/\/www.sbaa.swiss\/de\/wp-json\/wp\/v2\/pages\/508\/revisions\/701"}],"wp:attachment":[{"href":"https:\/\/www.sbaa.swiss\/de\/wp-json\/wp\/v2\/media?parent=508"}],"curies":[{"name":"wp","href":"https:\/\/api.w.org\/{rel}","templated":true}]}}